{"id":25,"date":"2025-01-25T14:55:54","date_gmt":"2025-01-25T13:55:54","guid":{"rendered":"https:\/\/pcsl.ovh\/?page_id=25"},"modified":"2025-09-23T08:35:35","modified_gmt":"2025-09-23T06:35:35","slug":"contact","status":"publish","type":"page","link":"https:\/\/pcsl.ovh\/index.php\/contact\/","title":{"rendered":"Contact"},"content":{"rendered":"\n<p>Le mail suivant vous permet de faire part au bureau de l\u2019Association de vos pr\u00e9occupations et de vos suggestions :<br><strong><a href=\"mailto:asso.psl44@gmail.com\" target=\"_blank\" rel=\"noreferrer noopener\">asso.psl44@gmail.com<\/a><\/strong><\/p>\n\n\n\n<p>L\u2019adresse postale de l\u2019Association est domicili\u00e9e au&nbsp;:<br>Centre Socio Culturel du Soleil Levant<br>44 rue de la Blanche \u00e0 Saint-Herblain.<\/p>\n\n\n\n<p><\/p>\n\n\n\n<p><strong>BUREAU<\/strong><\/p>\n\n\n\n<p>Depuis l\u2019Assembl\u00e9e g\u00e9n\u00e9rale du 5 Mars 2025, le bureau de l\u2019Association est constitu\u00e9 comme suit :<br>Pr\u00e9sident : Camille ARNAUD<br>Vice-Pr\u00e9sident : J\u00e9r\u00f4me HEURTIN<br>Tr\u00e9sorier\u00a0: Jo\u00ebl COMBAUD<br>Vice-Tr\u00e9sorier : Samuel MARTIN<br>Secr\u00e9taire : Simon BRICHART<br>Vice-Secr\u00e9taire : Christian BATTAGLIA<br>Administrateurs du site: J\u00e9r\u00f4me HEURTIN, Simon BRICHART<br>Autre membre : Jean-Fran\u00e7ois MENANTEAU<\/p>\n","protected":false},"excerpt":{"rendered":"<p>Le mail suivant vous permet de faire part au bureau de l\u2019Association de vos pr\u00e9occupations et de vos suggestions :asso.psl44@gmail.com L\u2019adresse postale de l\u2019Association est domicili\u00e9e au&nbsp;:Centre Socio Culturel du Soleil Levant44 rue de la Blanche \u00e0 Saint-Herblain. BUREAU Depuis l\u2019Assembl\u00e9e g\u00e9n\u00e9rale du 5 Mars 2025, le bureau de l\u2019Association est constitu\u00e9 comme suit :Pr\u00e9sident [&hellip;]<\/p>\n","protected":false},"author":2,"featured_media":0,"parent":0,"menu_order":0,"comment_status":"closed","ping_status":"closed","template":"","meta":{"footnotes":""},"class_list":["post-25","page","type-page","status-publish","hentry"],"blocksy_meta":[],"_links":{"self":[{"href":"https:\/\/pcsl.ovh\/index.php\/wp-json\/wp\/v2\/pages\/25","targetHints":{"allow":["GET"]}}],"collection":[{"href":"https:\/\/pcsl.ovh\/index.php\/wp-json\/wp\/v2\/pages"}],"about":[{"href":"https:\/\/pcsl.ovh\/index.php\/wp-json\/wp\/v2\/types\/page"}],"author":[{"embeddable":true,"href":"https:\/\/pcsl.ovh\/index.php\/wp-json\/wp\/v2\/users\/2"}],"replies":[{"embeddable":true,"href":"https:\/\/pcsl.ovh\/index.php\/wp-json\/wp\/v2\/comments?post=25"}],"version-history":[{"count":4,"href":"https:\/\/pcsl.ovh\/index.php\/wp-json\/wp\/v2\/pages\/25\/revisions"}],"predecessor-version":[{"id":92,"href":"https:\/\/pcsl.ovh\/index.php\/wp-json\/wp\/v2\/pages\/25\/revisions\/92"}],"wp:attachment":[{"href":"https:\/\/pcsl.ovh\/index.php\/wp-json\/wp\/v2\/media?parent=25"}],"curies":[{"name":"wp","href":"https:\/\/api.w.org\/{rel}","templated":true}]}}